{"id":66,"date":"2023-06-05T21:54:30","date_gmt":"2023-06-05T21:54:30","guid":{"rendered":"https:\/\/tekmer.bilgi.org.tr\/?page_id=66"},"modified":"2023-08-07T13:02:28","modified_gmt":"2023-08-07T13:02:28","slug":"olanaklarimiz","status":"publish","type":"page","link":"https:\/\/tekmer.bilgi.org.tr\/tr\/olanaklarimiz\/","title":{"rendered":"Olanaklar\u0131m\u0131z"},"content":{"rendered":"\t\t<div data-elementor-type=\"wp-page\" data-elementor-id=\"66\" class=\"elementor elementor-66\">\n\t\t\t\t\t\t<section class=\"elementor-section elementor-top-section elementor-element elementor-element-93f9286 elementor-section-full_width elementor-section-content-space-evenly elementor-section-height-min-height elementor-section-stretched elementor-section-height-default elementor-section-items-middle qodef-elementor-content-no\" data-id=\"93f9286\" data-element_type=\"section\" data-e-type=\"section\" data-settings=\"{&quot;background_background&quot;:&quot;classic&quot;,&quot;stretch_section&quot;:&quot;section-stretched&quot;}\">\n\t\t\t\t\t\t<div class=\"elementor-container elementor-column-gap-no\">\n\t\t\t\t\t<div class=\"elementor-column elementor-col-100 elementor-top-column elementor-element elementor-element-c8f354d\" data-id=\"c8f354d\" data-element_type=\"column\" data-e-type=\"column\">\n\t\t\t<div class=\"elementor-widget-wrap elementor-element-populated\">\n\t\t\t\t\t\t<div class=\"elementor-element elementor-element-b256a6a elementor-widget elementor-widget-heading\" data-id=\"b256a6a\" data-element_type=\"widget\" data-e-type=\"widget\" data-widget_type=\"heading.default\">\n\t\t\t\t<div class=\"elementor-widget-container\">\n\t\t\t\t\t<h2 class=\"elementor-heading-title elementor-size-default\">Olanaklar\u0131m\u0131z\n<\/h2>\t\t\t\t<\/div>\n\t\t\t\t<\/div>\n\t\t\t\t<div class=\"elementor-element elementor-element-d9e4a36 elementor-widget__width-initial elementor-widget elementor-widget-text-editor\" data-id=\"d9e4a36\" data-element_type=\"widget\" data-e-type=\"widget\" data-widget_type=\"text-editor.default\">\n\t\t\t\t<div class=\"elementor-widget-container\">\n\t\t\t\t\t\t\t\t\t<p>Spark-Up\u2019ta giri\u015fiminiz i\u00e7in a\u015fa\u011f\u0131daki hizmet ve olanaklardan yararlanabilirsiniz.<\/p>\t\t\t\t\t\t\t\t<\/div>\n\t\t\t\t<\/div>\n\t\t\t\t\t<\/div>\n\t\t<\/div>\n\t\t\t\t\t<\/div>\n\t\t<\/section>\n\t\t\t\t<section class=\"elementor-section elementor-top-section elementor-element elementor-element-3edfcea elementor-section-full_width elementor-section-content-space-evenly elementor-section-height-min-height elementor-section-stretched elementor-section-height-default elementor-section-items-middle qodef-elementor-content-no\" data-id=\"3edfcea\" data-element_type=\"section\" data-e-type=\"section\" data-settings=\"{&quot;background_background&quot;:&quot;classic&quot;,&quot;stretch_section&quot;:&quot;section-stretched&quot;}\">\n\t\t\t\t\t\t<div class=\"elementor-container elementor-column-gap-no\">\n\t\t\t\t\t<div class=\"elementor-column elementor-col-100 elementor-top-column elementor-element elementor-element-752a1b6\" data-id=\"752a1b6\" data-element_type=\"column\" data-e-type=\"column\">\n\t\t\t<div class=\"elementor-widget-wrap elementor-element-populated\">\n\t\t\t\t\t\t<div class=\"elementor-element elementor-element-1e2fd51 elementor-widget elementor-widget-heading\" data-id=\"1e2fd51\" data-element_type=\"widget\" data-e-type=\"widget\" data-widget_type=\"heading.default\">\n\t\t\t\t<div class=\"elementor-widget-container\">\n\t\t\t\t\t<h2 class=\"elementor-heading-title elementor-size-default\">Muafiyetler<\/h2>\t\t\t\t<\/div>\n\t\t\t\t<\/div>\n\t\t\t\t\t<\/div>\n\t\t<\/div>\n\t\t\t\t\t<\/div>\n\t\t<\/section>\n\t\t\t\t<section class=\"elementor-section elementor-top-section elementor-element elementor-element-8969ff4 elementor-section-full_width elementor-section-stretched elementor-section-height-default elementor-section-height-default qodef-elementor-content-no\" data-id=\"8969ff4\" data-element_type=\"section\" data-e-type=\"section\" data-settings=\"{&quot;stretch_section&quot;:&quot;section-stretched&quot;}\">\n\t\t\t\t\t\t<div class=\"elementor-container elementor-column-gap-custom\">\n\t\t\t\t\t<div class=\"elementor-column elementor-col-16 elementor-top-column elementor-element elementor-element-5695da4\" data-id=\"5695da4\" data-element_type=\"column\" data-e-type=\"column\">\n\t\t\t<div class=\"elementor-widget-wrap elementor-element-populated\">\n\t\t\t\t\t\t<div class=\"elementor-element elementor-element-4394113 elementor-widget elementor-widget-qi_addons_for_elementor_banner\" data-id=\"4394113\" data-element_type=\"widget\" data-e-type=\"widget\" data-widget_type=\"qi_addons_for_elementor_banner.default\">\n\t\t\t\t<div class=\"elementor-widget-container\">\n\t\t\t\t\t<div class=\"qodef-shortcode qodef-m qodef-qi-banner qodef-layout--standard qodef-vertical--middle qodef-horizontal--center qodef-image--hover-zoom\">\n\t<div class=\"qodef-m-image\">\n\t<img fetchpriority=\"high\" decoding=\"async\" width=\"437\" height=\"580\" src=\"https:\/\/tekmer.bilgi.org.tr\/wp-content\/uploads\/2023\/08\/card_bg.jpg\" class=\"attachment-full size-full\" alt=\"\" srcset=\"https:\/\/tekmer.bilgi.org.tr\/wp-content\/uploads\/2023\/08\/card_bg.jpg 437w, https:\/\/tekmer.bilgi.org.tr\/wp-content\/uploads\/2023\/08\/card_bg-226x300.jpg 226w, https:\/\/tekmer.bilgi.org.tr\/wp-content\/uploads\/2023\/08\/card_bg-9x12.jpg 9w\" sizes=\"(max-width: 437px) 100vw, 437px\" \/><\/div>\n\t<div class=\"qodef-m-content\">\n\t\t<div class=\"qodef-m-content-inner\">\n\t\t\t\t\t\t\t<h3 class=\"qodef-m-title\">\n\t\tAr-Ge \u0130ndirimi ve Tasar\u0131m \u0130ndirimi\t<\/h3>\n\t\t\t\t\t\t\t\t<\/div>\n\t<\/div>\n\t<\/div>\n\t\t\t\t<\/div>\n\t\t\t\t<\/div>\n\t\t\t\t\t<\/div>\n\t\t<\/div>\n\t\t\t\t<div class=\"elementor-column elementor-col-16 elementor-top-column elementor-element elementor-element-0320ec2\" data-id=\"0320ec2\" data-element_type=\"column\" data-e-type=\"column\">\n\t\t\t<div class=\"elementor-widget-wrap elementor-element-populated\">\n\t\t\t\t\t\t<div class=\"elementor-element elementor-element-ea0a655 elementor-widget elementor-widget-qi_addons_for_elementor_banner\" data-id=\"ea0a655\" data-element_type=\"widget\" data-e-type=\"widget\" data-widget_type=\"qi_addons_for_elementor_banner.default\">\n\t\t\t\t<div class=\"elementor-widget-container\">\n\t\t\t\t\t<div class=\"qodef-shortcode qodef-m qodef-qi-banner qodef-layout--standard qodef-vertical--middle qodef-horizontal--center qodef-image--hover-zoom\">\n\t<div class=\"qodef-m-image\">\n\t<img decoding=\"async\" width=\"437\" height=\"580\" src=\"https:\/\/tekmer.bilgi.org.tr\/wp-content\/uploads\/2023\/08\/card_bg2.jpg\" class=\"attachment-full size-full\" alt=\"\" srcset=\"https:\/\/tekmer.bilgi.org.tr\/wp-content\/uploads\/2023\/08\/card_bg2.jpg 437w, https:\/\/tekmer.bilgi.org.tr\/wp-content\/uploads\/2023\/08\/card_bg2-226x300.jpg 226w, https:\/\/tekmer.bilgi.org.tr\/wp-content\/uploads\/2023\/08\/card_bg2-9x12.jpg 9w\" sizes=\"(max-width: 437px) 100vw, 437px\" \/><\/div>\n\t<div class=\"qodef-m-content\">\n\t\t<div class=\"qodef-m-content-inner\">\n\t\t\t\t\t\t\t<h3 class=\"qodef-m-title\">\n\t\tSGK \u0130\u015fveren Prim Deste\u011fi \t<\/h3>\n\t\t\t\t\t\t\t\t<\/div>\n\t<\/div>\n\t<\/div>\n\t\t\t\t<\/div>\n\t\t\t\t<\/div>\n\t\t\t\t\t<\/div>\n\t\t<\/div>\n\t\t\t\t<div class=\"elementor-column elementor-col-16 elementor-top-column elementor-element elementor-element-634e511\" data-id=\"634e511\" data-element_type=\"column\" data-e-type=\"column\">\n\t\t\t<div class=\"elementor-widget-wrap elementor-element-populated\">\n\t\t\t\t\t\t<div class=\"elementor-element elementor-element-e2fe90d elementor-widget elementor-widget-qi_addons_for_elementor_banner\" data-id=\"e2fe90d\" data-element_type=\"widget\" data-e-type=\"widget\" data-widget_type=\"qi_addons_for_elementor_banner.default\">\n\t\t\t\t<div class=\"elementor-widget-container\">\n\t\t\t\t\t<div class=\"qodef-shortcode qodef-m qodef-qi-banner qodef-layout--standard qodef-vertical--middle qodef-horizontal--center qodef-image--hover-zoom\">\n\t<div class=\"qodef-m-image\">\n\t<img fetchpriority=\"high\" decoding=\"async\" width=\"437\" height=\"580\" src=\"https:\/\/tekmer.bilgi.org.tr\/wp-content\/uploads\/2023\/08\/card_bg.jpg\" class=\"attachment-full size-full\" alt=\"\" srcset=\"https:\/\/tekmer.bilgi.org.tr\/wp-content\/uploads\/2023\/08\/card_bg.jpg 437w, https:\/\/tekmer.bilgi.org.tr\/wp-content\/uploads\/2023\/08\/card_bg-226x300.jpg 226w, https:\/\/tekmer.bilgi.org.tr\/wp-content\/uploads\/2023\/08\/card_bg-9x12.jpg 9w\" sizes=\"(max-width: 437px) 100vw, 437px\" \/><\/div>\n\t<div class=\"qodef-m-content\">\n\t\t<div class=\"qodef-m-content-inner\">\n\t\t\t\t\t\t\t<h3 class=\"qodef-m-title\">\n\t\tGelir Vergisi Stopaj Te\u015fviki\t<\/h3>\n\t\t\t\t\t\t\t\t<\/div>\n\t<\/div>\n\t<\/div>\n\t\t\t\t<\/div>\n\t\t\t\t<\/div>\n\t\t\t\t\t<\/div>\n\t\t<\/div>\n\t\t\t\t<div class=\"elementor-column elementor-col-16 elementor-top-column elementor-element elementor-element-0203970\" data-id=\"0203970\" data-element_type=\"column\" data-e-type=\"column\">\n\t\t\t<div class=\"elementor-widget-wrap elementor-element-populated\">\n\t\t\t\t\t\t<div class=\"elementor-element elementor-element-868358c elementor-widget elementor-widget-qi_addons_for_elementor_banner\" data-id=\"868358c\" data-element_type=\"widget\" data-e-type=\"widget\" data-widget_type=\"qi_addons_for_elementor_banner.default\">\n\t\t\t\t<div class=\"elementor-widget-container\">\n\t\t\t\t\t<div class=\"qodef-shortcode qodef-m qodef-qi-banner qodef-layout--standard qodef-vertical--middle qodef-horizontal--center qodef-image--hover-zoom\">\n\t<div class=\"qodef-m-image\">\n\t<img fetchpriority=\"high\" decoding=\"async\" width=\"437\" height=\"580\" src=\"https:\/\/tekmer.bilgi.org.tr\/wp-content\/uploads\/2023\/08\/card_bg.jpg\" class=\"attachment-full size-full\" alt=\"\" srcset=\"https:\/\/tekmer.bilgi.org.tr\/wp-content\/uploads\/2023\/08\/card_bg.jpg 437w, https:\/\/tekmer.bilgi.org.tr\/wp-content\/uploads\/2023\/08\/card_bg-226x300.jpg 226w, https:\/\/tekmer.bilgi.org.tr\/wp-content\/uploads\/2023\/08\/card_bg-9x12.jpg 9w\" sizes=\"(max-width: 437px) 100vw, 437px\" \/><\/div>\n\t<div class=\"qodef-m-content\">\n\t\t<div class=\"qodef-m-content-inner\">\n\t\t\t\t\t\t\t<h3 class=\"qodef-m-title\">\n\t\tDamga Vergisi \u0130stisnas\u0131\t<\/h3>\n\t\t\t\t\t\t\t\t<\/div>\n\t<\/div>\n\t<\/div>\n\t\t\t\t<\/div>\n\t\t\t\t<\/div>\n\t\t\t\t\t<\/div>\n\t\t<\/div>\n\t\t\t\t<div class=\"elementor-column elementor-col-16 elementor-top-column elementor-element elementor-element-3187f56\" data-id=\"3187f56\" data-element_type=\"column\" data-e-type=\"column\">\n\t\t\t<div class=\"elementor-widget-wrap elementor-element-populated\">\n\t\t\t\t\t\t<div class=\"elementor-element elementor-element-398bd51 elementor-widget elementor-widget-qi_addons_for_elementor_banner\" data-id=\"398bd51\" data-element_type=\"widget\" data-e-type=\"widget\" data-widget_type=\"qi_addons_for_elementor_banner.default\">\n\t\t\t\t<div class=\"elementor-widget-container\">\n\t\t\t\t\t<div class=\"qodef-shortcode qodef-m qodef-qi-banner qodef-layout--standard qodef-vertical--middle qodef-horizontal--center qodef-image--hover-zoom\">\n\t<div class=\"qodef-m-image\">\n\t<img fetchpriority=\"high\" decoding=\"async\" width=\"437\" height=\"580\" src=\"https:\/\/tekmer.bilgi.org.tr\/wp-content\/uploads\/2023\/08\/card_bg.jpg\" class=\"attachment-full size-full\" alt=\"\" srcset=\"https:\/\/tekmer.bilgi.org.tr\/wp-content\/uploads\/2023\/08\/card_bg.jpg 437w, https:\/\/tekmer.bilgi.org.tr\/wp-content\/uploads\/2023\/08\/card_bg-226x300.jpg 226w, https:\/\/tekmer.bilgi.org.tr\/wp-content\/uploads\/2023\/08\/card_bg-9x12.jpg 9w\" sizes=\"(max-width: 437px) 100vw, 437px\" \/><\/div>\n\t<div class=\"qodef-m-content\">\n\t\t<div class=\"qodef-m-content-inner\">\n\t\t\t\t\t\t\t<h3 class=\"qodef-m-title\">\n\t\tG\u00fcmr\u00fck Vergisi \u0130stisnas\u0131\t<\/h3>\n\t\t\t\t\t\t\t\t<\/div>\n\t<\/div>\n\t<\/div>\n\t\t\t\t<\/div>\n\t\t\t\t<\/div>\n\t\t\t\t\t<\/div>\n\t\t<\/div>\n\t\t\t\t<div class=\"elementor-column elementor-col-16 elementor-top-column elementor-element elementor-element-007c63e\" data-id=\"007c63e\" data-element_type=\"column\" data-e-type=\"column\">\n\t\t\t<div class=\"elementor-widget-wrap elementor-element-populated\">\n\t\t\t\t\t\t<div class=\"elementor-element elementor-element-36b1321 elementor-widget elementor-widget-qi_addons_for_elementor_banner\" data-id=\"36b1321\" data-element_type=\"widget\" data-e-type=\"widget\" data-widget_type=\"qi_addons_for_elementor_banner.default\">\n\t\t\t\t<div class=\"elementor-widget-container\">\n\t\t\t\t\t<div class=\"qodef-shortcode qodef-m qodef-qi-banner qodef-layout--standard qodef-vertical--middle qodef-horizontal--center qodef-image--hover-zoom\">\n\t<div class=\"qodef-m-image\">\n\t<img fetchpriority=\"high\" decoding=\"async\" width=\"437\" height=\"580\" src=\"https:\/\/tekmer.bilgi.org.tr\/wp-content\/uploads\/2023\/08\/card_bg.jpg\" class=\"attachment-full size-full\" alt=\"\" srcset=\"https:\/\/tekmer.bilgi.org.tr\/wp-content\/uploads\/2023\/08\/card_bg.jpg 437w, https:\/\/tekmer.bilgi.org.tr\/wp-content\/uploads\/2023\/08\/card_bg-226x300.jpg 226w, https:\/\/tekmer.bilgi.org.tr\/wp-content\/uploads\/2023\/08\/card_bg-9x12.jpg 9w\" sizes=\"(max-width: 437px) 100vw, 437px\" \/><\/div>\n\t<div class=\"qodef-m-content\">\n\t\t<div class=\"qodef-m-content-inner\">\n\t\t\t\t\t\t\t<h3 class=\"qodef-m-title\">\n\t\tPatent Ve Faydal\u0131 Modele Dayal\u0131 Sat\u0131\u015flar Vergisi \u0130stisnas\u0131\t<\/h3>\n\t\t\t\t\t\t\t\t<\/div>\n\t<\/div>\n\t<\/div>\n\t\t\t\t<\/div>\n\t\t\t\t<\/div>\n\t\t\t\t\t<\/div>\n\t\t<\/div>\n\t\t\t\t\t<\/div>\n\t\t<\/section>\n\t\t\t\t<section class=\"elementor-section elementor-top-section elementor-element elementor-element-c0baa94 elementor-section-full_width elementor-section-height-default elementor-section-height-default qodef-elementor-content-no\" data-id=\"c0baa94\" data-element_type=\"section\" data-e-type=\"section\">\n\t\t\t\t\t\t<div class=\"elementor-container elementor-column-gap-custom\">\n\t\t\t\t\t<div class=\"elementor-column elementor-col-33 elementor-top-column elementor-element elementor-element-fcbeb6d\" data-id=\"fcbeb6d\" data-element_type=\"column\" data-e-type=\"column\">\n\t\t\t<div class=\"elementor-widget-wrap elementor-element-populated\">\n\t\t\t\t\t\t<div class=\"elementor-element elementor-element-53b9c2d elementor-widget elementor-widget-qi_addons_for_elementor_section_title\" data-id=\"53b9c2d\" data-element_type=\"widget\" data-e-type=\"widget\" data-widget_type=\"qi_addons_for_elementor_section_title.default\">\n\t\t\t\t<div class=\"elementor-widget-container\">\n\t\t\t\t\t<div class=\"qodef-shortcode qodef-m qodef-qi-section-title qodef-decoration--italic qodef-link--underline-draw qodef-subtitle-icon--left\">\n\t\t\t\t\t\t<h2 class=\"qodef-m-title\">\n\t\tE\u011fitim\t<\/h2>\n\t\t\t<div class=\"qodef-m-text\"><p>\u0130\u015f fikri, i\u015f modeli ve i\u015f planlar\u0131n\u0131 geli\u015ftirme, pazar ara\u015ft\u0131rmas\u0131, \u00fcr\u00fcn geli\u015ftirme ve sat\u0131\u015f ve pazarlama stratejileri gibi konularda e\u011fitimler verilmektedir.<\/p><\/div>\n\t<\/div>\n\t\t\t\t<\/div>\n\t\t\t\t<\/div>\n\t\t\t\t\t<\/div>\n\t\t<\/div>\n\t\t\t\t<div class=\"elementor-column elementor-col-33 elementor-top-column elementor-element elementor-element-6a2c278\" data-id=\"6a2c278\" data-element_type=\"column\" data-e-type=\"column\">\n\t\t\t<div class=\"elementor-widget-wrap elementor-element-populated\">\n\t\t\t\t\t\t<div class=\"elementor-element elementor-element-9860db4 elementor-widget elementor-widget-qi_addons_for_elementor_section_title\" data-id=\"9860db4\" data-element_type=\"widget\" data-e-type=\"widget\" data-widget_type=\"qi_addons_for_elementor_section_title.default\">\n\t\t\t\t<div class=\"elementor-widget-container\">\n\t\t\t\t\t<div class=\"qodef-shortcode qodef-m qodef-qi-section-title qodef-decoration--italic qodef-link--underline-draw qodef-subtitle-icon--left\">\n\t\t\t\t\t\t<h2 class=\"qodef-m-title\">\n\t\tMentorluk\t<\/h2>\n\t\t\t<div class=\"qodef-m-text\"><p>Giri\u015fimcilere her a\u015famada rehberlik ve destek sa\u011flamak amac\u0131yla mentorluk hizmeti sunulmaktad\u0131r. Giri\u015fimciler i\u015f fikri ve i\u015f planlar\u0131n\u0131n geli\u015ftirilmesinden pazarlama ve ba\u011f\u0131\u015f toplamaya kadar \u00e7e\u015fitli konularda deneyimli mentorlar\u0131n \u00f6nerilerinden yararlanabilmektedir.<\/p><\/div>\n\t<\/div>\n\t\t\t\t<\/div>\n\t\t\t\t<\/div>\n\t\t\t\t\t<\/div>\n\t\t<\/div>\n\t\t\t\t<div class=\"elementor-column elementor-col-33 elementor-top-column elementor-element elementor-element-f69aca0\" data-id=\"f69aca0\" data-element_type=\"column\" data-e-type=\"column\">\n\t\t\t<div class=\"elementor-widget-wrap elementor-element-populated\">\n\t\t\t\t\t\t<div class=\"elementor-element elementor-element-1609d0f elementor-widget elementor-widget-qi_addons_for_elementor_section_title\" data-id=\"1609d0f\" data-element_type=\"widget\" data-e-type=\"widget\" data-widget_type=\"qi_addons_for_elementor_section_title.default\">\n\t\t\t\t<div class=\"elementor-widget-container\">\n\t\t\t\t\t<div class=\"qodef-shortcode qodef-m qodef-qi-section-title qodef-decoration--italic qodef-link--underline-draw qodef-subtitle-icon--left\">\n\t\t\t\t\t\t<h2 class=\"qodef-m-title\">\n\t\tA\u011f Olu\u015fturma\t<\/h2>\n\t\t\t<div class=\"qodef-m-text\"><p>Giri\u015fimcilerin benzer d\u00fc\u015f\u00fcnen di\u011fer bireylerle a\u011f kurmas\u0131 i\u00e7in bir platform sunulmaktad\u0131r. Giri\u015fimcilerin b\u00fcy\u00fcmesine ve ba\u015far\u0131l\u0131 olmas\u0131na yard\u0131mc\u0131 olabilecek; de\u011ferli ortakl\u0131klar ve i\u015fbirlikleri kurmas\u0131n\u0131 sa\u011flayacak a\u011flar olu\u015fturmas\u0131na olanak tan\u0131nmaktad\u0131r.<\/p><\/div>\n\t<\/div>\n\t\t\t\t<\/div>\n\t\t\t\t<\/div>\n\t\t\t\t\t<\/div>\n\t\t<\/div>\n\t\t\t\t\t<\/div>\n\t\t<\/section>\n\t\t\t\t<section class=\"elementor-section elementor-top-section elementor-element elementor-element-f0f90a8 elementor-section-full_width elementor-section-height-default elementor-section-height-default qodef-elementor-content-no\" data-id=\"f0f90a8\" data-element_type=\"section\" data-e-type=\"section\">\n\t\t\t\t\t\t<div class=\"elementor-container elementor-column-gap-custom\">\n\t\t\t\t\t<div class=\"elementor-column elementor-col-100 elementor-top-column elementor-element elementor-element-dd26cd1\" data-id=\"dd26cd1\" data-element_type=\"column\" data-e-type=\"column\">\n\t\t\t<div class=\"elementor-widget-wrap elementor-element-populated\">\n\t\t\t\t\t\t<div class=\"elementor-element elementor-element-c06c75d elementor-widget elementor-widget-qi_addons_for_elementor_section_title\" data-id=\"c06c75d\" data-element_type=\"widget\" data-e-type=\"widget\" data-widget_type=\"qi_addons_for_elementor_section_title.default\">\n\t\t\t\t<div class=\"elementor-widget-container\">\n\t\t\t\t\t<div class=\"qodef-shortcode qodef-m qodef-qi-section-title qodef-decoration--italic qodef-link--underline-draw qodef-subtitle-icon--left\">\n\t\t\t\t\t\t<h2 class=\"qodef-m-title\">\n\t\tYat\u0131r\u0131mc\u0131, Finansman ve Fon Kaynaklar\u0131na Eri\u015fim\t<\/h2>\n\t\t\t<div class=\"qodef-m-text\"><p>Giri\u015fimlerin i\u015flerini b\u00fcy\u00fctmelerine yard\u0131mc\u0131 olmak amac\u0131yla yat\u0131r\u0131mc\u0131, finansman ve fon kaynaklar\u0131na eri\u015fim olanaklar\u0131 sunulmaktad\u0131r. Bu do\u011frultuda a\u011f olu\u015fturma etkinlikleri, mentorluk programlar\u0131 veya giri\u015fimin faaliyet g\u00f6sterdi\u011fi sekt\u00f6r veya pazarla ilgilenen fon ve mentorluk sa\u011flayabilecek yat\u0131r\u0131mc\u0131lara eri\u015fim imkan\u0131 sunulur. Ayr\u0131ca hibeler veya risk sermayesi yat\u0131r\u0131mc\u0131lar\u0131na eri\u015fim, \u00a0kulu\u00e7ka merkezinin ortaklar\u0131ndan krediler, hibeler veya \u00f6z sermaye yat\u0131r\u0131mlar\u0131 \u015feklinde finansmana ek olarak kitle fonlamas\u0131 platformlar\u0131, melek yat\u0131r\u0131mc\u0131lar ve risk sermayedarlar\u0131 gibi di\u011fer finansman ve ek fon kaynaklar\u0131na eri\u015fim olanaklar\u0131 sa\u011flanmaktad\u0131r.<\/p><\/div>\n\t<\/div>\n\t\t\t\t<\/div>\n\t\t\t\t<\/div>\n\t\t\t\t\t<\/div>\n\t\t<\/div>\n\t\t\t\t\t<\/div>\n\t\t<\/section>\n\t\t\t\t<section class=\"elementor-section elementor-top-section elementor-element elementor-element-4e03c56 elementor-section-full_width elementor-section-height-default elementor-section-height-default qodef-elementor-content-no\" data-id=\"4e03c56\" data-element_type=\"section\" data-e-type=\"section\">\n\t\t\t\t\t\t<div class=\"elementor-container elementor-column-gap-custom\">\n\t\t\t\t\t<div class=\"elementor-column elementor-col-50 elementor-top-column elementor-element elementor-element-ecd2d33\" data-id=\"ecd2d33\" data-element_type=\"column\" data-e-type=\"column\">\n\t\t\t<div class=\"elementor-widget-wrap elementor-element-populated\">\n\t\t\t\t\t\t<div class=\"elementor-element elementor-element-abfcfe1 elementor-widget elementor-widget-qi_addons_for_elementor_section_title\" data-id=\"abfcfe1\" data-element_type=\"widget\" data-e-type=\"widget\" data-widget_type=\"qi_addons_for_elementor_section_title.default\">\n\t\t\t\t<div class=\"elementor-widget-container\">\n\t\t\t\t\t<div class=\"qodef-shortcode qodef-m qodef-qi-section-title qodef-decoration--italic qodef-link--underline-draw qodef-subtitle-icon--left\">\n\t\t\t\t\t\t<h2 class=\"qodef-m-title\">\n\t\tTe\u015fhir \u0130mkan\u0131\t<\/h2>\n\t\t\t<div class=\"qodef-m-text\"><p>\u00d6zellikle yeni ba\u015flayanlar\u0131n g\u00f6r\u00fcn\u00fcrl\u00fck kazanmalar\u0131; \u00fcr\u00fcnlerini veya hizmetlerini potansiyel m\u00fc\u015fterilere ve yat\u0131r\u0131mc\u0131lara sergilemeleri i\u00e7in olanaklar sunulmaktad\u0131r.<\/p><\/div>\n\t<\/div>\n\t\t\t\t<\/div>\n\t\t\t\t<\/div>\n\t\t\t\t\t<\/div>\n\t\t<\/div>\n\t\t\t\t<div class=\"elementor-column elementor-col-50 elementor-top-column elementor-element elementor-element-a7b301c\" data-id=\"a7b301c\" data-element_type=\"column\" data-e-type=\"column\">\n\t\t\t<div class=\"elementor-widget-wrap elementor-element-populated\">\n\t\t\t\t\t\t<div class=\"elementor-element elementor-element-710a58f elementor-widget elementor-widget-qi_addons_for_elementor_section_title\" data-id=\"710a58f\" data-element_type=\"widget\" data-e-type=\"widget\" data-widget_type=\"qi_addons_for_elementor_section_title.default\">\n\t\t\t\t<div class=\"elementor-widget-container\">\n\t\t\t\t\t<div class=\"qodef-shortcode qodef-m qodef-qi-section-title qodef-decoration--italic qodef-link--underline-draw qodef-subtitle-icon--left\">\n\t\t\t\t\t\t<h2 class=\"qodef-m-title\">\n\t\tOfis \u0130mkanlar\u0131\t<\/h2>\n\t\t\t<div class=\"qodef-m-text\"><p>Toplant\u0131 salonu ve konferans salonu, kesintisiz elektrik, g\u00fcvenlik ve temizlik hizmetleri ile sosyal olanaklar sunulmaktad\u0131r. Hen\u00fcz \u015firketi olamayan giri\u015fimcilere \u00e7al\u0131\u015fabilmeleri i\u00e7in a\u00e7\u0131k ofis alan\u0131; \u015firketler i\u00e7in ise \u00f6zel kapal\u0131 ofis edinme imkan\u0131 sa\u011flan\u0131r.<\/p><\/div>\n\t<\/div>\n\t\t\t\t<\/div>\n\t\t\t\t<\/div>\n\t\t\t\t\t<\/div>\n\t\t<\/div>\n\t\t\t\t\t<\/div>\n\t\t<\/section>\n\t\t\t\t<section class=\"elementor-section elementor-top-section elementor-element elementor-element-391c16f elementor-section-full_width elementor-section-height-default elementor-section-height-default qodef-elementor-content-no\" data-id=\"391c16f\" data-element_type=\"section\" data-e-type=\"section\">\n\t\t\t\t\t\t<div class=\"elementor-container elementor-column-gap-custom\">\n\t\t\t\t\t<div class=\"elementor-column elementor-col-100 elementor-top-column elementor-element elementor-element-f65e59f\" data-id=\"f65e59f\" data-element_type=\"column\" data-e-type=\"column\">\n\t\t\t<div class=\"elementor-widget-wrap elementor-element-populated\">\n\t\t\t\t\t\t<div class=\"elementor-element elementor-element-ddeae22 elementor-widget elementor-widget-qi_addons_for_elementor_section_title\" data-id=\"ddeae22\" data-element_type=\"widget\" data-e-type=\"widget\" data-widget_type=\"qi_addons_for_elementor_section_title.default\">\n\t\t\t\t<div class=\"elementor-widget-container\">\n\t\t\t\t\t<div class=\"qodef-shortcode qodef-m qodef-qi-section-title qodef-decoration--italic qodef-link--underline-draw qodef-subtitle-icon--left\">\n\t\t\t\t\t\t<h2 class=\"qodef-m-title\">\n\t\t3 Boyutlu Prototipleme At\u00f6lyesi\t<\/h2>\n\t\t\t<div class=\"qodef-m-text\"><p>Erken a\u015famada \u00fcr\u00fcnlerin test edilmesine, giri\u015fimlerin geri bildirim toplamalar\u0131na ve \u00fcr\u00fcnlerini daha b\u00fcy\u00fck \u00f6l\u00e7ekte piyasaya s\u00fcrmeden \u00f6nce gerekli iyile\u015ftirmeleri yapmalar\u0131na olanak tan\u0131yan prototipleme at\u00f6lyesi yap\u0131lmaktad\u0131r. Bu sayede giri\u015fimlerin pahal\u0131 ekipmanlar almadan veya benzer tesislerin y\u00fcksek maliyetlerine maruz kalmadan prototiplerini laboratuvarda geli\u015ftirmeleri ve test edebilmeleri ama\u00e7lanmaktad\u0131r.<\/p><\/div>\n\t<\/div>\n\t\t\t\t<\/div>\n\t\t\t\t<\/div>\n\t\t\t\t\t<\/div>\n\t\t<\/div>\n\t\t\t\t\t<\/div>\n\t\t<\/section>\n\t\t\t\t<\/div>\n\t\t","protected":false},"excerpt":{"rendered":"<p>Olanaklar\u0131m\u0131z Spark-Up\u2019ta giri\u015fiminiz i\u00e7in a\u015fa\u011f\u0131daki hizmet ve olanaklardan yararlanabilirsiniz. Muafiyetler Ar-Ge \u0130ndirimi ve Tasar\u0131m \u0130ndirimi SGK \u0130\u015fveren Prim Deste\u011fi Gelir Vergisi Stopaj Te\u015fviki Damga Vergisi \u0130stisnas\u0131 G\u00fcmr\u00fck Vergisi \u0130stisnas\u0131 Patent Ve Faydal\u0131 Modele Dayal\u0131 Sat\u0131\u015flar Vergisi \u0130stisnas\u0131 E\u011fitim \u0130\u015f fikri, i\u015f modeli ve i\u015f planlar\u0131n\u0131 geli\u015ftirme, pazar ara\u015ft\u0131rmas\u0131, \u00fcr\u00fcn geli\u015ftirme ve sat\u0131\u015f ve pazarlama stratejileri [&hellip;]<\/p>\n","protected":false},"author":1,"featured_media":0,"parent":0,"menu_order":0,"comment_status":"closed","ping_status":"closed","template":"","meta":{"footnotes":""},"class_list":["post-66","page","type-page","status-publish","hentry"],"_links":{"self":[{"href":"https:\/\/tekmer.bilgi.org.tr\/tr\/wp-json\/wp\/v2\/pages\/66","targetHints":{"allow":["GET"]}}],"collection":[{"href":"https:\/\/tekmer.bilgi.org.tr\/tr\/wp-json\/wp\/v2\/pages"}],"about":[{"href":"https:\/\/tekmer.bilgi.org.tr\/tr\/wp-json\/wp\/v2\/types\/page"}],"author":[{"embeddable":true,"href":"https:\/\/tekmer.bilgi.org.tr\/tr\/wp-json\/wp\/v2\/users\/1"}],"replies":[{"embeddable":true,"href":"https:\/\/tekmer.bilgi.org.tr\/tr\/wp-json\/wp\/v2\/comments?post=66"}],"version-history":[{"count":18,"href":"https:\/\/tekmer.bilgi.org.tr\/tr\/wp-json\/wp\/v2\/pages\/66\/revisions"}],"predecessor-version":[{"id":298,"href":"https:\/\/tekmer.bilgi.org.tr\/tr\/wp-json\/wp\/v2\/pages\/66\/revisions\/298"}],"wp:attachment":[{"href":"https:\/\/tekmer.bilgi.org.tr\/tr\/wp-json\/wp\/v2\/media?parent=66"}],"curies":[{"name":"wp","href":"https:\/\/api.w.org\/{rel}","templated":true}]}}