{"id":103,"date":"2023-06-06T21:19:44","date_gmt":"2023-06-06T21:19:44","guid":{"rendered":"https:\/\/tekmer.bilgi.org.tr\/?page_id=103"},"modified":"2024-12-13T16:00:25","modified_gmt":"2024-12-13T16:00:25","slug":"anasayfa","status":"publish","type":"page","link":"https:\/\/tekmer.bilgi.org.tr\/en\/","title":{"rendered":"Home"},"content":{"rendered":"<div data-elementor-type=\"wp-page\" data-elementor-id=\"103\" class=\"elementor elementor-103\">\n\t\t\t\t\t\t<section class=\"elementor-section elementor-top-section elementor-element elementor-element-c0b39ac elementor-section-full_width elementor-section-content-space-evenly elementor-section-stretched elementor-section-height-default elementor-section-height-default qodef-elementor-content-no\" data-id=\"c0b39ac\" data-element_type=\"section\" data-e-type=\"section\" data-settings=\"{&quot;background_background&quot;:&quot;classic&quot;,&quot;stretch_section&quot;:&quot;section-stretched&quot;}\">\n\t\t\t\t\t\t<div class=\"elementor-container elementor-column-gap-no\">\n\t\t\t\t\t<div class=\"elementor-column elementor-col-100 elementor-top-column elementor-element elementor-element-a599624\" data-id=\"a599624\" data-element_type=\"column\" data-e-type=\"column\">\n\t\t\t<div class=\"elementor-widget-wrap elementor-element-populated\">\n\t\t\t\t\t\t\t<\/div>\n\t\t<\/div>\n\t\t\t\t\t<\/div>\n\t\t<\/section>\n\t\t\t\t<section class=\"elementor-section elementor-top-section elementor-element elementor-element-31a26ab elementor-section-full_width elementor-section-content-space-evenly elementor-section-stretched elementor-section-height-default elementor-section-height-default qodef-elementor-content-no\" data-id=\"31a26ab\" data-element_type=\"section\" data-e-type=\"section\" data-settings=\"{&quot;background_background&quot;:&quot;classic&quot;,&quot;stretch_section&quot;:&quot;section-stretched&quot;}\">\n\t\t\t\t\t\t<div class=\"elementor-container elementor-column-gap-no\">\n\t\t\t\t\t<div class=\"elementor-column elementor-col-50 elementor-top-column elementor-element elementor-element-11e2bea\" data-id=\"11e2bea\" data-element_type=\"column\" data-e-type=\"column\">\n\t\t\t<div class=\"elementor-widget-wrap elementor-element-populated\">\n\t\t\t\t\t\t<div class=\"elementor-element elementor-element-44b14ac elementor-widget elementor-widget-image\" data-id=\"44b14ac\" data-element_type=\"widget\" data-e-type=\"widget\" data-widget_type=\"image.default\">\n\t\t\t\t<div class=\"elementor-widget-container\">\n\t\t\t\t\t\t\t\t\t\t\t\t\t\t\t<img decoding=\"async\" src=\"https:\/\/tekmer.bilgi.org.tr\/wp-content\/uploads\/2023\/08\/anasayfa_sec1.jpg\" title=\"anasayfa_sec1.jpg\" alt=\"anasayfa_sec1.jpg\" loading=\"lazy\" \/>\t\t\t\t\t\t\t\t\t\t\t\t\t\t\t<\/div>\n\t\t\t\t<\/div>\n\t\t\t\t\t<\/div>\n\t\t<\/div>\n\t\t\t\t<div class=\"elementor-column elementor-col-50 elementor-top-column elementor-element elementor-element-bd70cfd\" data-id=\"bd70cfd\" data-element_type=\"column\" data-e-type=\"column\">\n\t\t\t<div class=\"elementor-widget-wrap elementor-element-populated\">\n\t\t\t\t\t\t<section class=\"elementor-section elementor-inner-section elementor-element elementor-element-d4f18a5 elementor-section-boxed elementor-section-height-default elementor-section-height-default qodef-elementor-content-no\" data-id=\"d4f18a5\" data-element_type=\"section\" data-e-type=\"section\">\n\t\t\t\t\t\t<div class=\"elementor-container elementor-column-gap-default\">\n\t\t\t\t\t<div class=\"elementor-column elementor-col-100 elementor-inner-column elementor-element elementor-element-c1947d5\" data-id=\"c1947d5\" data-element_type=\"column\" data-e-type=\"column\">\n\t\t\t<div class=\"elementor-widget-wrap elementor-element-populated\">\n\t\t\t\t\t\t<div class=\"elementor-element elementor-element-cfddefb elementor-widget elementor-widget-text-editor\" data-id=\"cfddefb\" data-element_type=\"widget\" data-e-type=\"widget\" data-widget_type=\"text-editor.default\">\n\t\t\t\t<div class=\"elementor-widget-container\">\n\t\t\t\t\t\t\t\t\t<p>Welcome to our incubation center, designed to support and foster the growth of beginners and entrepreneurs. Our facility at Beylikd\u00fcz\u00fc is waiting for you to provide everything you may need in order to turn your innovative ideas into successful businesses.<\/p>\t\t\t\t\t\t\t\t<\/div>\n\t\t\t\t<\/div>\n\t\t\t\t<div class=\"elementor-element elementor-element-49ce0a8 elementor-widget elementor-widget-qi_addons_for_elementor_button\" data-id=\"49ce0a8\" data-element_type=\"widget\" data-e-type=\"widget\" data-widget_type=\"qi_addons_for_elementor_button.default\">\n\t\t\t\t<div class=\"elementor-widget-container\">\n\t\t\t\t\t<a class=\"qodef-shortcode qodef-m qodef-qi-button qodef-html--link qodef-layout--outlined qodef-type--standard qodef-size--small qodef-hover--reveal qodef--reveal-horizontal qodef-icon--right qodef-hover--icon-move-horizontal-short\" href=\"https:\/\/tekmer.bilgi.org.tr\/en\/hakkimizda\/\" target=\"_self\">\n\t<span class=\"qodef-m-text\">About Us<\/span>\n\t<\/a>\n\t\t\t\t<\/div>\n\t\t\t\t<\/div>\n\t\t\t\t\t<\/div>\n\t\t<\/div>\n\t\t\t\t\t<\/div>\n\t\t<\/section>\n\t\t\t\t\t<\/div>\n\t\t<\/div>\n\t\t\t\t\t<\/div>\n\t\t<\/section>\n\t\t\t\t<section class=\"elementor-section elementor-top-section elementor-element elementor-element-d329c11 elementor-section-full_width elementor-section-content-space-evenly elementor-section-stretched elementor-section-height-default elementor-section-height-default qodef-elementor-content-no\" data-id=\"d329c11\" data-element_type=\"section\" data-e-type=\"section\" data-settings=\"{&quot;background_background&quot;:&quot;classic&quot;,&quot;stretch_section&quot;:&quot;section-stretched&quot;}\">\n\t\t\t\t\t\t<div class=\"elementor-container elementor-column-gap-no\">\n\t\t\t\t\t<div class=\"elementor-column elementor-col-50 elementor-top-column elementor-element elementor-element-b7e2f0f\" data-id=\"b7e2f0f\" data-element_type=\"column\" data-e-type=\"column\">\n\t\t\t<div class=\"elementor-widget-wrap elementor-element-populated\">\n\t\t\t\t\t\t<section class=\"elementor-section elementor-inner-section elementor-element elementor-element-dab1437 elementor-section-boxed elementor-section-height-default elementor-section-height-default qodef-elementor-content-no\" data-id=\"dab1437\" data-element_type=\"section\" data-e-type=\"section\">\n\t\t\t\t\t\t<div class=\"elementor-container elementor-column-gap-no\">\n\t\t\t\t\t<div class=\"elementor-column elementor-col-100 elementor-inner-column elementor-element elementor-element-a833818\" data-id=\"a833818\" data-element_type=\"column\" data-e-type=\"column\">\n\t\t\t<div class=\"elementor-widget-wrap elementor-element-populated\">\n\t\t\t\t\t\t<div class=\"elementor-element elementor-element-282e28b elementor-widget elementor-widget-text-editor\" data-id=\"282e28b\" data-element_type=\"widget\" data-e-type=\"widget\" data-widget_type=\"text-editor.default\">\n\t\t\t\t<div class=\"elementor-widget-container\">\n\t\t\t\t\t\t\t\t\t<p>Our incubation center provides a collaborative and supportive environment where entrepreneurs can connect with like-minded entrepreneurs, access valuable resources and guidance, and make use of cutting-edge technology and infrastructure. We offer you various programs and services that you can benefit from, whether you are at the first stages of your enterprise or you would like to scale your business.<\/p>\t\t\t\t\t\t\t\t<\/div>\n\t\t\t\t<\/div>\n\t\t\t\t<div class=\"elementor-element elementor-element-27c8354 elementor-widget elementor-widget-qi_addons_for_elementor_button\" data-id=\"27c8354\" data-element_type=\"widget\" data-e-type=\"widget\" data-widget_type=\"qi_addons_for_elementor_button.default\">\n\t\t\t\t<div class=\"elementor-widget-container\">\n\t\t\t\t\t<a class=\"qodef-shortcode qodef-m qodef-qi-button qodef-html--link qodef-layout--outlined qodef-type--standard qodef-size--small qodef-hover--reveal qodef--reveal-horizontal qodef-icon--right qodef-hover--icon-move-horizontal-short\" href=\"https:\/\/tekmer.bilgi.org.tr\/en\/programlarimiz\/\" target=\"_self\">\n\t<span class=\"qodef-m-text\">Our Programs<\/span>\n\t<\/a>\n\t\t\t\t<\/div>\n\t\t\t\t<\/div>\n\t\t\t\t\t<\/div>\n\t\t<\/div>\n\t\t\t\t\t<\/div>\n\t\t<\/section>\n\t\t\t\t\t<\/div>\n\t\t<\/div>\n\t\t\t\t<div class=\"elementor-column elementor-col-50 elementor-top-column elementor-element elementor-element-f4d0d3f\" data-id=\"f4d0d3f\" data-element_type=\"column\" data-e-type=\"column\">\n\t\t\t<div class=\"elementor-widget-wrap elementor-element-populated\">\n\t\t\t\t\t\t<div class=\"elementor-element elementor-element-bfc102d elementor-widget elementor-widget-image\" data-id=\"bfc102d\" data-element_type=\"widget\" data-e-type=\"widget\" data-widget_type=\"image.default\">\n\t\t\t\t<div class=\"elementor-widget-container\">\n\t\t\t\t\t\t\t\t\t\t\t\t\t\t\t<img fetchpriority=\"high\" decoding=\"async\" width=\"1024\" height=\"693\" src=\"https:\/\/tekmer.bilgi.org.tr\/wp-content\/uploads\/2023\/08\/anasayfa_sec2-e1691162703448-1024x693.jpg\" class=\"attachment-large size-large wp-image-200\" alt=\"\" srcset=\"https:\/\/tekmer.bilgi.org.tr\/wp-content\/uploads\/2023\/08\/anasayfa_sec2-e1691162703448-1024x693.jpg 1024w, https:\/\/tekmer.bilgi.org.tr\/wp-content\/uploads\/2023\/08\/anasayfa_sec2-e1691162703448-300x203.jpg 300w, https:\/\/tekmer.bilgi.org.tr\/wp-content\/uploads\/2023\/08\/anasayfa_sec2-e1691162703448-768x520.jpg 768w, https:\/\/tekmer.bilgi.org.tr\/wp-content\/uploads\/2023\/08\/anasayfa_sec2-e1691162703448-18x12.jpg 18w, https:\/\/tekmer.bilgi.org.tr\/wp-content\/uploads\/2023\/08\/anasayfa_sec2-e1691162703448.jpg 1044w\" sizes=\"(max-width: 1024px) 100vw, 1024px\" \/>\t\t\t\t\t\t\t\t\t\t\t\t\t\t\t<\/div>\n\t\t\t\t<\/div>\n\t\t\t\t\t<\/div>\n\t\t<\/div>\n\t\t\t\t\t<\/div>\n\t\t<\/section>\n\t\t\t\t<section class=\"elementor-section elementor-top-section elementor-element elementor-element-eb5a961 elementor-section-stretched elementor-section-full_width elementor-section-content-space-evenly elementor-section-height-default elementor-section-height-default qodef-elementor-content-no\" data-id=\"eb5a961\" data-element_type=\"section\" data-e-type=\"section\" data-settings=\"{&quot;stretch_section&quot;:&quot;section-stretched&quot;,&quot;background_background&quot;:&quot;classic&quot;}\">\n\t\t\t\t\t\t<div class=\"elementor-container elementor-column-gap-no\">\n\t\t\t\t\t<div class=\"elementor-column elementor-col-100 elementor-top-column elementor-element elementor-element-89fbe01\" data-id=\"89fbe01\" data-element_type=\"column\" data-e-type=\"column\">\n\t\t\t<div class=\"elementor-widget-wrap elementor-element-populated\">\n\t\t\t\t\t\t<section class=\"elementor-section elementor-inner-section elementor-element elementor-element-4a57944 elementor-section-full_width elementor-section-height-min-height elementor-section-content-middle elementor-section-height-default qodef-elementor-content-no\" data-id=\"4a57944\" data-element_type=\"section\" data-e-type=\"section\">\n\t\t\t\t\t\t<div class=\"elementor-container elementor-column-gap-no\">\n\t\t\t\t\t<div class=\"elementor-column elementor-col-66 elementor-inner-column elementor-element elementor-element-e6b08c6\" data-id=\"e6b08c6\" data-element_type=\"column\" data-e-type=\"column\">\n\t\t\t<div class=\"elementor-widget-wrap elementor-element-populated\">\n\t\t\t\t\t\t<div class=\"elementor-element elementor-element-999db06 elementor-widget elementor-widget-text-editor\" data-id=\"999db06\" data-element_type=\"widget\" data-e-type=\"widget\" data-widget_type=\"text-editor.default\">\n\t\t\t\t<div class=\"elementor-widget-container\">\n\t\t\t\t\t\t\t\t\t<p>Our facility has various flexible working areas, including private offices fitted with high-speed internet, advanced technology, comfortable furniture, shared working areas, and meeting rooms. We also provide access to mentorship and coaching programs, legal and financial services, marketing and branding support, and much more.<\/p>\t\t\t\t\t\t\t\t<\/div>\n\t\t\t\t<\/div>\n\t\t\t\t\t<\/div>\n\t\t<\/div>\n\t\t\t\t<div class=\"elementor-column elementor-col-33 elementor-inner-column elementor-element elementor-element-b278999\" data-id=\"b278999\" data-element_type=\"column\" data-e-type=\"column\">\n\t\t\t<div class=\"elementor-widget-wrap elementor-element-populated\">\n\t\t\t\t\t\t<div class=\"elementor-element elementor-element-7ca0c0a elementor-widget elementor-widget-qi_addons_for_elementor_button\" data-id=\"7ca0c0a\" data-element_type=\"widget\" data-e-type=\"widget\" data-widget_type=\"qi_addons_for_elementor_button.default\">\n\t\t\t\t<div class=\"elementor-widget-container\">\n\t\t\t\t\t<a class=\"qodef-shortcode qodef-m qodef-qi-button qodef-html--link qodef-layout--filled qodef-type--standard qodef-size--small qodef-hover--reveal qodef--reveal-horizontal qodef-icon--right qodef-hover--icon-move-horizontal-short\" href=\"https:\/\/tekmer.bilgi.org.tr\/en\/olanaklarimiz\/\" target=\"_self\">\n\t<span class=\"qodef-m-text\">What We Offer<\/span>\n\t<\/a>\n\t\t\t\t<\/div>\n\t\t\t\t<\/div>\n\t\t\t\t\t<\/div>\n\t\t<\/div>\n\t\t\t\t\t<\/div>\n\t\t<\/section>\n\t\t\t\t\t<\/div>\n\t\t<\/div>\n\t\t\t\t\t<\/div>\n\t\t<\/section>\n\t\t\t\t<section class=\"elementor-section elementor-top-section elementor-element elementor-element-ef81f96 elementor-section-full_width elementor-section-content-space-evenly elementor-section-stretched elementor-section-height-default elementor-section-height-default qodef-elementor-content-no\" data-id=\"ef81f96\" data-element_type=\"section\" data-e-type=\"section\" data-settings=\"{&quot;background_background&quot;:&quot;classic&quot;,&quot;stretch_section&quot;:&quot;section-stretched&quot;}\">\n\t\t\t\t\t\t<div class=\"elementor-container elementor-column-gap-no\">\n\t\t\t\t\t<div class=\"elementor-column elementor-col-50 elementor-top-column elementor-element elementor-element-3ccb790\" data-id=\"3ccb790\" data-element_type=\"column\" data-e-type=\"column\">\n\t\t\t<div class=\"elementor-widget-wrap elementor-element-populated\">\n\t\t\t\t\t\t<div class=\"elementor-element elementor-element-faf0485 elementor-widget-tablet__width-initial elementor-widget elementor-widget-image\" data-id=\"faf0485\" data-element_type=\"widget\" data-e-type=\"widget\" data-widget_type=\"image.default\">\n\t\t\t\t<div class=\"elementor-widget-container\">\n\t\t\t\t\t\t\t\t\t\t\t\t\t\t\t<img decoding=\"async\" width=\"940\" height=\"673\" src=\"https:\/\/tekmer.bilgi.org.tr\/wp-content\/uploads\/2023\/08\/anasayfa_sec4.jpg\" class=\"attachment-large size-large wp-image-209\" alt=\"\" srcset=\"https:\/\/tekmer.bilgi.org.tr\/wp-content\/uploads\/2023\/08\/anasayfa_sec4.jpg 940w, https:\/\/tekmer.bilgi.org.tr\/wp-content\/uploads\/2023\/08\/anasayfa_sec4-300x215.jpg 300w, https:\/\/tekmer.bilgi.org.tr\/wp-content\/uploads\/2023\/08\/anasayfa_sec4-768x550.jpg 768w, https:\/\/tekmer.bilgi.org.tr\/wp-content\/uploads\/2023\/08\/anasayfa_sec4-18x12.jpg 18w\" sizes=\"(max-width: 940px) 100vw, 940px\" \/>\t\t\t\t\t\t\t\t\t\t\t\t\t\t\t<\/div>\n\t\t\t\t<\/div>\n\t\t\t\t\t<\/div>\n\t\t<\/div>\n\t\t\t\t<div class=\"elementor-column elementor-col-50 elementor-top-column elementor-element elementor-element-4bfb551\" data-id=\"4bfb551\" data-element_type=\"column\" data-e-type=\"column\">\n\t\t\t<div class=\"elementor-widget-wrap elementor-element-populated\">\n\t\t\t\t\t\t<section class=\"elementor-section elementor-inner-section elementor-element elementor-element-851bbe6 elementor-section-boxed elementor-section-height-default elementor-section-height-default qodef-elementor-content-no\" data-id=\"851bbe6\" data-element_type=\"section\" data-e-type=\"section\">\n\t\t\t\t\t\t<div class=\"elementor-container elementor-column-gap-default\">\n\t\t\t\t\t<div class=\"elementor-column elementor-col-100 elementor-inner-column elementor-element elementor-element-02b28f9\" data-id=\"02b28f9\" data-element_type=\"column\" data-e-type=\"column\">\n\t\t\t<div class=\"elementor-widget-wrap elementor-element-populated\">\n\t\t\t\t\t\t<div class=\"elementor-element elementor-element-f8a5d2f elementor-widget__width-initial elementor-widget-mobile__width-initial elementor-widget elementor-widget-text-editor\" data-id=\"f8a5d2f\" data-element_type=\"widget\" data-e-type=\"widget\" data-widget_type=\"text-editor.default\">\n\t\t\t\t<div class=\"elementor-widget-container\">\n\t\t\t\t\t\t\t\t\tIn our incubation center, we believe that collaboration and building a community are necessary for achievement. For this reason, we encourage our members to share their experiences, build networks with other entrepreneurs, and participate in activities and workshops on a regular basis. Our team is devoted to providing personalized support and guidance and helping you overcome the challenges of starting and developing a business.\t\t\t\t\t\t\t\t<\/div>\n\t\t\t\t<\/div>\n\t\t\t\t\t<\/div>\n\t\t<\/div>\n\t\t\t\t\t<\/div>\n\t\t<\/section>\n\t\t\t\t\t<\/div>\n\t\t<\/div>\n\t\t\t\t\t<\/div>\n\t\t<\/section>\n\t\t\t\t<section class=\"elementor-section elementor-top-section elementor-element elementor-element-aa681c7 elementor-section-full_width elementor-section-content-space-evenly elementor-section-stretched elementor-section-height-default elementor-section-height-default qodef-elementor-content-no\" data-id=\"aa681c7\" data-element_type=\"section\" data-e-type=\"section\" data-settings=\"{&quot;background_background&quot;:&quot;classic&quot;,&quot;stretch_section&quot;:&quot;section-stretched&quot;}\">\n\t\t\t\t\t\t<div class=\"elementor-container elementor-column-gap-no\">\n\t\t\t\t\t<div class=\"elementor-column elementor-col-100 elementor-top-column elementor-element elementor-element-cbe4331\" data-id=\"cbe4331\" data-element_type=\"column\" data-e-type=\"column\" data-settings=\"{&quot;background_background&quot;:&quot;classic&quot;}\">\n\t\t\t<div class=\"elementor-widget-wrap elementor-element-populated\">\n\t\t\t\t\t\t<div class=\"elementor-element elementor-element-c5999f4 elementor-widget elementor-widget-qi_addons_for_elementor_call_to_action\" data-id=\"c5999f4\" data-element_type=\"widget\" data-e-type=\"widget\" data-widget_type=\"qi_addons_for_elementor_call_to_action.default\">\n\t\t\t\t<div class=\"elementor-widget-container\">\n\t\t\t\t\t<div class=\"qodef-shortcode qodef-m qodef-qi-call-to-action qodef-layout--standard qodef-button-below--1024\">\n\t<div class=\"qodef-m-inner\">\n\t\t<div class=\"qodef-m-content\">\n\t\t\t\t<div class=\"qodef-m-text\">\n\t\t\tJoin our incubation center today and take your first step to realize your entrepreneurial dreams. We are thrilled to invite you to our community of innovators and changemakers.\t\t<\/div>\n\t<\/div>\n\t\t\t<div class=\"qodef-m-button\">\n\t\t<a class=\"qodef-shortcode qodef-m qodef-qi-button qodef-html--link qodef-layout--filled qodef-type--standard qodef-size--small qodef-hover--reveal qodef--reveal-horizontal qodef-icon--right qodef-hover--icon-move-horizontal-short\" href=\"https:\/\/tekmer.bilgi.org.tr\/en\/basvuru\/\" target=\"_self\">\t<span class=\"qodef-m-text\">Application<\/span>\t<\/a>\t<\/div>\n\t\t\t<\/div>\n<\/div>\n\t\t\t\t<\/div>\n\t\t\t\t<\/div>\n\t\t\t\t\t<\/div>\n\t\t<\/div>\n\t\t\t\t\t<\/div>\n\t\t<\/section>\n\t\t\t\t<\/div>","protected":false},"excerpt":{"rendered":"<p>Yeni ba\u015flayanlar\u0131n ve giri\u015fimcilerin b\u00fcy\u00fcmesini desteklemek ve te\u015fvik etmek i\u00e7in tasarlanm\u0131\u015f kulu\u00e7ka merkezimize ho\u015f geldiniz. Beylikd\u00fcz\u00fc\u2019nde yer alan tesisimiz, yenilik\u00e7i fikirlerinizi ba\u015far\u0131l\u0131 i\u015flere d\u00f6n\u00fc\u015ft\u00fcrebilmeniz i\u00e7in ihtiyac\u0131n\u0131z olan her \u015feyi sunmak i\u00e7in sizleri bekliyor. Hakk\u0131m\u0131zda Kulu\u00e7ka merkezimiz, giri\u015fimcilerin benzer d\u00fc\u015f\u00fcnen ki\u015filerle ba\u011flant\u0131 kurabilecekleri, de\u011ferli kaynaklara ve rehberli\u011fe eri\u015febilecekleri ve en son teknoloji ve altyap\u0131dan yararlanabilecekleri i\u015fbirlik\u00e7i [&hellip;]<\/p>\n","protected":false},"author":1,"featured_media":0,"parent":0,"menu_order":0,"comment_status":"closed","ping_status":"closed","template":"","meta":{"footnotes":""},"class_list":["post-103","page","type-page","status-publish","hentry"],"_links":{"self":[{"href":"https:\/\/tekmer.bilgi.org.tr\/en\/wp-json\/wp\/v2\/pages\/103","targetHints":{"allow":["GET"]}}],"collection":[{"href":"https:\/\/tekmer.bilgi.org.tr\/en\/wp-json\/wp\/v2\/pages"}],"about":[{"href":"https:\/\/tekmer.bilgi.org.tr\/en\/wp-json\/wp\/v2\/types\/page"}],"author":[{"embeddable":true,"href":"https:\/\/tekmer.bilgi.org.tr\/en\/wp-json\/wp\/v2\/users\/1"}],"replies":[{"embeddable":true,"href":"https:\/\/tekmer.bilgi.org.tr\/en\/wp-json\/wp\/v2\/comments?post=103"}],"version-history":[{"count":46,"href":"https:\/\/tekmer.bilgi.org.tr\/en\/wp-json\/wp\/v2\/pages\/103\/revisions"}],"predecessor-version":[{"id":707,"href":"https:\/\/tekmer.bilgi.org.tr\/en\/wp-json\/wp\/v2\/pages\/103\/revisions\/707"}],"wp:attachment":[{"href":"https:\/\/tekmer.bilgi.org.tr\/en\/wp-json\/wp\/v2\/media?parent=103"}],"curies":[{"name":"wp","href":"https:\/\/api.w.org\/{rel}","templated":true}]}}