{"id":61,"date":"2023-06-05T21:50:03","date_gmt":"2023-06-05T21:50:03","guid":{"rendered":"https:\/\/tekmer.bilgi.org.tr\/?page_id=61"},"modified":"2025-11-04T11:45:06","modified_gmt":"2025-11-04T11:45:06","slug":"programlarimiz","status":"publish","type":"page","link":"http:\/\/tekmer.bilgi.org.tr\/en\/programlarimiz\/","title":{"rendered":"Our Programs"},"content":{"rendered":"<div data-elementor-type=\"wp-page\" data-elementor-id=\"61\" class=\"elementor elementor-61\">\n\t\t\t\t\t\t<section class=\"elementor-section elementor-top-section elementor-element elementor-element-dcb2838 elementor-section-full_width elementor-section-content-space-evenly elementor-section-stretched elementor-section-height-default elementor-section-height-default qodef-elementor-content-no\" data-id=\"dcb2838\" data-element_type=\"section\" data-e-type=\"section\" data-settings=\"{&quot;background_background&quot;:&quot;classic&quot;,&quot;stretch_section&quot;:&quot;section-stretched&quot;}\">\n\t\t\t\t\t\t<div class=\"elementor-container elementor-column-gap-no\">\n\t\t\t\t\t<div class=\"elementor-column elementor-col-100 elementor-top-column elementor-element elementor-element-a166a1f\" data-id=\"a166a1f\" data-element_type=\"column\" data-e-type=\"column\" data-settings=\"{&quot;background_background&quot;:&quot;classic&quot;}\">\n\t\t\t<div class=\"elementor-widget-wrap elementor-element-populated\">\n\t\t\t\t\t\t<div class=\"elementor-element elementor-element-1e56437 elementor-widget elementor-widget-heading\" data-id=\"1e56437\" data-element_type=\"widget\" data-e-type=\"widget\" data-widget_type=\"heading.default\">\n\t\t\t\t<div class=\"elementor-widget-container\">\n\t\t\t\t\t<h2 class=\"elementor-heading-title elementor-size-default\">Our Programs\n<\/h2>\t\t\t\t<\/div>\n\t\t\t\t<\/div>\n\t\t\t\t<div class=\"elementor-element elementor-element-a0d8d14 elementor-widget__width-initial elementor-widget elementor-widget-text-editor\" data-id=\"a0d8d14\" data-element_type=\"widget\" data-e-type=\"widget\" data-widget_type=\"text-editor.default\">\n\t\t\t\t<div class=\"elementor-widget-container\">\n\t\t\t\t\t\t\t\t\tIn Spark-Up, you can join pre-incubation, incubation, and post-incubation programs in which you can develop your enterprise from the ideation stage to corporatization and maturity. \t\t\t\t\t\t\t\t<\/div>\n\t\t\t\t<\/div>\n\t\t\t\t\t<\/div>\n\t\t<\/div>\n\t\t\t\t\t<\/div>\n\t\t<\/section>\n\t\t\t\t<section class=\"elementor-section elementor-top-section elementor-element elementor-element-ddc08ea elementor-section-full_width elementor-section-content-space-evenly elementor-section-stretched elementor-section-height-default elementor-section-height-default qodef-elementor-content-no\" data-id=\"ddc08ea\" data-element_type=\"section\" data-e-type=\"section\" data-settings=\"{&quot;background_background&quot;:&quot;classic&quot;,&quot;stretch_section&quot;:&quot;section-stretched&quot;}\">\n\t\t\t\t\t\t<div class=\"elementor-container elementor-column-gap-no\">\n\t\t\t\t\t<div class=\"elementor-column elementor-col-50 elementor-top-column elementor-element elementor-element-e098db3\" data-id=\"e098db3\" data-element_type=\"column\" data-e-type=\"column\">\n\t\t\t<div class=\"elementor-widget-wrap elementor-element-populated\">\n\t\t\t\t\t\t<div class=\"elementor-element elementor-element-db86f1c elementor-widget-tablet__width-initial elementor-widget elementor-widget-image\" data-id=\"db86f1c\" data-element_type=\"widget\" data-e-type=\"widget\" data-widget_type=\"image.default\">\n\t\t\t\t<div class=\"elementor-widget-container\">\n\t\t\t\t\t\t\t\t\t\t\t\t\t\t\t<img decoding=\"async\" src=\"https:\/\/tekmer.bilgi.org.tr\/wp-content\/uploads\/elementor\/thumbs\/on_kulucka-qaf9mmpyitdus9lucv5g9r2w7d5zr1eso4z4qu2xiy.png\" title=\"on_kulucka.png\" alt=\"on_kulucka.png\" loading=\"lazy\" \/>\t\t\t\t\t\t\t\t\t\t\t\t\t\t\t<\/div>\n\t\t\t\t<\/div>\n\t\t\t\t\t<\/div>\n\t\t<\/div>\n\t\t\t\t<div class=\"elementor-column elementor-col-50 elementor-top-column elementor-element elementor-element-b51c391\" data-id=\"b51c391\" data-element_type=\"column\" data-e-type=\"column\">\n\t\t\t<div class=\"elementor-widget-wrap elementor-element-populated\">\n\t\t\t\t\t\t<section class=\"elementor-section elementor-inner-section elementor-element elementor-element-5bb4e06 elementor-section-boxed elementor-section-height-default elementor-section-height-default qodef-elementor-content-no\" data-id=\"5bb4e06\" data-element_type=\"section\" data-e-type=\"section\">\n\t\t\t\t\t\t<div class=\"elementor-container elementor-column-gap-default\">\n\t\t\t\t\t<div class=\"elementor-column elementor-col-100 elementor-inner-column elementor-element elementor-element-af4a6e8\" data-id=\"af4a6e8\" data-element_type=\"column\" data-e-type=\"column\">\n\t\t\t<div class=\"elementor-widget-wrap elementor-element-populated\">\n\t\t\t\t\t\t<div class=\"elementor-element elementor-element-5208494 elementor-widget__width-initial elementor-widget elementor-widget-heading\" data-id=\"5208494\" data-element_type=\"widget\" data-e-type=\"widget\" data-widget_type=\"heading.default\">\n\t\t\t\t<div class=\"elementor-widget-container\">\n\t\t\t\t\t<h2 class=\"elementor-heading-title elementor-size-default\">Pre-incubation<\/h2>\t\t\t\t<\/div>\n\t\t\t\t<\/div>\n\t\t\t\t<div class=\"elementor-element elementor-element-0768f3f elementor-widget__width-initial elementor-widget-mobile__width-initial elementor-widget elementor-widget-text-editor\" data-id=\"0768f3f\" data-element_type=\"widget\" data-e-type=\"widget\" data-widget_type=\"text-editor.default\">\n\t\t\t\t<div class=\"elementor-widget-container\">\n\t\t\t\t\t\t\t\t\t<p>In this program for entrepreneurs at an early stage of their enterprise, the aim is to develop the business idea or business model of potential entrepreneurs who have promising business ideas for the enterprises. At this stage, the incubation center presents these entrepreneurs with training, guidance, and networking opportunities so that they can prepare themselves to confirm their project ideas, enhance their business plans, build their teams, and initiate their enterprises. This stage also includes market research and feasibility works in order to ascertain the feasibility of business ideas.<\/p>\t\t\t\t\t\t\t\t<\/div>\n\t\t\t\t<\/div>\n\t\t\t\t\t<\/div>\n\t\t<\/div>\n\t\t\t\t\t<\/div>\n\t\t<\/section>\n\t\t\t\t\t<\/div>\n\t\t<\/div>\n\t\t\t\t\t<\/div>\n\t\t<\/section>\n\t\t\t\t<section class=\"elementor-section elementor-top-section elementor-element elementor-element-bff310d elementor-section-full_width elementor-section-content-space-evenly elementor-section-stretched elementor-section-height-default elementor-section-height-default qodef-elementor-content-no\" data-id=\"bff310d\" data-element_type=\"section\" data-e-type=\"section\" data-settings=\"{&quot;background_background&quot;:&quot;classic&quot;,&quot;stretch_section&quot;:&quot;section-stretched&quot;}\">\n\t\t\t\t\t\t<div class=\"elementor-container elementor-column-gap-no\">\n\t\t\t\t\t<div class=\"elementor-column elementor-col-50 elementor-top-column elementor-element elementor-element-d8179b6\" data-id=\"d8179b6\" data-element_type=\"column\" data-e-type=\"column\">\n\t\t\t<div class=\"elementor-widget-wrap elementor-element-populated\">\n\t\t\t\t\t\t<div class=\"elementor-element elementor-element-da97a17 elementor-widget-tablet__width-initial elementor-widget elementor-widget-image\" data-id=\"da97a17\" data-element_type=\"widget\" data-e-type=\"widget\" data-widget_type=\"image.default\">\n\t\t\t\t<div class=\"elementor-widget-container\">\n\t\t\t\t\t\t\t\t\t\t\t\t\t\t\t<img decoding=\"async\" src=\"https:\/\/tekmer.bilgi.org.tr\/wp-content\/uploads\/elementor\/thumbs\/kulucka-qaf9n1rdk5yfy0zzx1nhdna9pj3v672i27ewf9gmre.png\" title=\"kulucka.png\" alt=\"kulucka.png\" loading=\"lazy\" \/>\t\t\t\t\t\t\t\t\t\t\t\t\t\t\t<\/div>\n\t\t\t\t<\/div>\n\t\t\t\t\t<\/div>\n\t\t<\/div>\n\t\t\t\t<div class=\"elementor-column elementor-col-50 elementor-top-column elementor-element elementor-element-e70fe9c\" data-id=\"e70fe9c\" data-element_type=\"column\" data-e-type=\"column\">\n\t\t\t<div class=\"elementor-widget-wrap elementor-element-populated\">\n\t\t\t\t\t\t<section class=\"elementor-section elementor-inner-section elementor-element elementor-element-d199f1d elementor-section-boxed elementor-section-height-default elementor-section-height-default qodef-elementor-content-no\" data-id=\"d199f1d\" data-element_type=\"section\" data-e-type=\"section\">\n\t\t\t\t\t\t<div class=\"elementor-container elementor-column-gap-default\">\n\t\t\t\t\t<div class=\"elementor-column elementor-col-100 elementor-inner-column elementor-element elementor-element-8cf7537\" data-id=\"8cf7537\" data-element_type=\"column\" data-e-type=\"column\">\n\t\t\t<div class=\"elementor-widget-wrap elementor-element-populated\">\n\t\t\t\t\t\t<div class=\"elementor-element elementor-element-a36e9ff elementor-widget__width-initial elementor-widget elementor-widget-heading\" data-id=\"a36e9ff\" data-element_type=\"widget\" data-e-type=\"widget\" data-widget_type=\"heading.default\">\n\t\t\t\t<div class=\"elementor-widget-container\">\n\t\t\t\t\t<h2 class=\"elementor-heading-title elementor-size-default\">Incubation<\/h2>\t\t\t\t<\/div>\n\t\t\t\t<\/div>\n\t\t\t\t<div class=\"elementor-element elementor-element-16b0907 elementor-widget__width-initial elementor-widget-mobile__width-initial elementor-widget elementor-widget-text-editor\" data-id=\"16b0907\" data-element_type=\"widget\" data-e-type=\"widget\" data-widget_type=\"text-editor.default\">\n\t\t\t\t<div class=\"elementor-widget-container\">\n\t\t\t\t\t\t\t\t\t<p>In this program offered for enterprises that completed their corporatization, you can obtain support for the growth of your enterprise. This stage includes a series of services, sources, and support mechanisms to help the selected enterprises grow and scale their businesses. These services, sources, and support mechanisms include office space, training for product and business development, commercial consulting services, legal and accounting support, and access to industry specialists and consultants. The incubation center also provides networking opportunities so that startups can improve their products, services, and business strategies, access to financing, investor meetings, training workshops, acceleration camps, and other sources.<\/p>\t\t\t\t\t\t\t\t<\/div>\n\t\t\t\t<\/div>\n\t\t\t\t\t<\/div>\n\t\t<\/div>\n\t\t\t\t\t<\/div>\n\t\t<\/section>\n\t\t\t\t\t<\/div>\n\t\t<\/div>\n\t\t\t\t\t<\/div>\n\t\t<\/section>\n\t\t\t\t<\/div>","protected":false},"excerpt":{"rendered":"<p>Programlar\u0131m\u0131z Spark-Up\u2019ta giri\u015fiminizi fikir a\u015famas\u0131ndan \u015firketle\u015fme ve olgunluk a\u015famas\u0131na kadar geli\u015ftirebilece\u011finiz \u00f6n kulu\u00e7ka, kulu\u00e7ka ve kulu\u00e7ka sonras\u0131 programlara kat\u0131labilirsiniz. \u00d6n Kulu\u00e7ka Erken a\u015fama giri\u015fimcilere y\u00f6nelik olan bu programda gelecek vaat eden i\u015f fikirlerine sahip potansiyel giri\u015fimcileri veya giri\u015fimlerin i\u015f fikrini ve i\u015f modelini geli\u015ftirmek ama\u00e7lan\u0131r. Bu a\u015famada kulu\u00e7ka merkezi, bu giri\u015fimcilere proje fikirlerini do\u011frulamalar\u0131na, i\u015f [&hellip;]<\/p>\n","protected":false},"author":1,"featured_media":0,"parent":0,"menu_order":0,"comment_status":"closed","ping_status":"closed","template":"","meta":{"footnotes":""},"class_list":["post-61","page","type-page","status-publish","hentry"],"_links":{"self":[{"href":"http:\/\/tekmer.bilgi.org.tr\/en\/wp-json\/wp\/v2\/pages\/61","targetHints":{"allow":["GET"]}}],"collection":[{"href":"http:\/\/tekmer.bilgi.org.tr\/en\/wp-json\/wp\/v2\/pages"}],"about":[{"href":"http:\/\/tekmer.bilgi.org.tr\/en\/wp-json\/wp\/v2\/types\/page"}],"author":[{"embeddable":true,"href":"http:\/\/tekmer.bilgi.org.tr\/en\/wp-json\/wp\/v2\/users\/1"}],"replies":[{"embeddable":true,"href":"http:\/\/tekmer.bilgi.org.tr\/en\/wp-json\/wp\/v2\/comments?post=61"}],"version-history":[{"count":12,"href":"http:\/\/tekmer.bilgi.org.tr\/en\/wp-json\/wp\/v2\/pages\/61\/revisions"}],"predecessor-version":[{"id":793,"href":"http:\/\/tekmer.bilgi.org.tr\/en\/wp-json\/wp\/v2\/pages\/61\/revisions\/793"}],"wp:attachment":[{"href":"http:\/\/tekmer.bilgi.org.tr\/en\/wp-json\/wp\/v2\/media?parent=61"}],"curies":[{"name":"wp","href":"https:\/\/api.w.org\/{rel}","templated":true}]}}