{"id":137,"date":"2023-06-18T13:19:06","date_gmt":"2023-06-18T13:19:06","guid":{"rendered":"https:\/\/tekmer.bilgi.org.tr\/?page_id=137"},"modified":"2026-03-05T07:40:20","modified_gmt":"2026-03-05T07:40:20","slug":"basvuru","status":"publish","type":"page","link":"http:\/\/tekmer.bilgi.org.tr\/en\/basvuru\/","title":{"rendered":"Application"},"content":{"rendered":"<div data-elementor-type=\"wp-page\" data-elementor-id=\"137\" class=\"elementor elementor-137\">\n\t\t\t\t\t\t<section class=\"elementor-section elementor-top-section elementor-element elementor-element-f129529 elementor-section-full_width elementor-section-content-space-evenly elementor-section-height-min-height elementor-section-stretched elementor-section-height-default elementor-section-items-middle qodef-elementor-content-no\" data-id=\"f129529\" data-element_type=\"section\" data-e-type=\"section\" data-settings=\"{&quot;background_background&quot;:&quot;classic&quot;,&quot;stretch_section&quot;:&quot;section-stretched&quot;}\">\n\t\t\t\t\t\t<div class=\"elementor-container elementor-column-gap-no\">\n\t\t\t\t\t<div class=\"elementor-column elementor-col-100 elementor-top-column elementor-element elementor-element-aa1eb60\" data-id=\"aa1eb60\" data-element_type=\"column\" data-e-type=\"column\">\n\t\t\t<div class=\"elementor-widget-wrap elementor-element-populated\">\n\t\t\t\t\t\t<div class=\"elementor-element elementor-element-671eeb4 elementor-widget elementor-widget-heading\" data-id=\"671eeb4\" data-element_type=\"widget\" data-e-type=\"widget\" data-widget_type=\"heading.default\">\n\t\t\t\t<div class=\"elementor-widget-container\">\n\t\t\t\t\t<h2 class=\"elementor-heading-title elementor-size-default\">\u00d6n Ba\u015fvuru<\/h2>\t\t\t\t<\/div>\n\t\t\t\t<\/div>\n\t\t\t\t<div class=\"elementor-element elementor-element-f6e354b elementor-widget elementor-widget-text-editor\" data-id=\"f6e354b\" data-element_type=\"widget\" data-e-type=\"widget\" data-widget_type=\"text-editor.default\">\n\t\t\t\t<div class=\"elementor-widget-container\">\n\t\t\t\t\t\t\t\t\t<p><a href=\"https:\/\/enterport.bilgi.org.tr\/onbasvuru\">Spark-Up\u2019a \u00f6n ba\u015fvuru yapmak i\u00e7in buraya t\u0131klay\u0131n\u0131z.<\/a><\/p>\t\t\t\t\t\t\t\t<\/div>\n\t\t\t\t<\/div>\n\t\t\t\t\t<\/div>\n\t\t<\/div>\n\t\t\t\t\t<\/div>\n\t\t<\/section>\n\t\t\t\t<section class=\"elementor-section elementor-top-section elementor-element elementor-element-611e18d elementor-section-boxed elementor-section-height-default elementor-section-height-default qodef-elementor-content-no\" data-id=\"611e18d\" data-element_type=\"section\" data-e-type=\"section\">\n\t\t\t\t\t\t<div class=\"elementor-container elementor-column-gap-default\">\n\t\t\t\t\t<div class=\"elementor-column elementor-col-100 elementor-top-column elementor-element elementor-element-f5ebc3f\" data-id=\"f5ebc3f\" data-element_type=\"column\" data-e-type=\"column\">\n\t\t\t<div class=\"elementor-widget-wrap\">\n\t\t\t\t\t\t\t<\/div>\n\t\t<\/div>\n\t\t\t\t\t<\/div>\n\t\t<\/section>\n\t\t\t\t<\/div>","protected":false},"excerpt":{"rendered":"<p>\u00d6n Ba\u015fvuru Spark-Up\u2019a \u00f6n ba\u015fvuru yapmak i\u00e7in buraya t\u0131klay\u0131n\u0131z.<\/p>","protected":false},"author":1,"featured_media":0,"parent":0,"menu_order":0,"comment_status":"closed","ping_status":"closed","template":"","meta":{"footnotes":""},"class_list":["post-137","page","type-page","status-publish","hentry"],"_links":{"self":[{"href":"http:\/\/tekmer.bilgi.org.tr\/en\/wp-json\/wp\/v2\/pages\/137","targetHints":{"allow":["GET"]}}],"collection":[{"href":"http:\/\/tekmer.bilgi.org.tr\/en\/wp-json\/wp\/v2\/pages"}],"about":[{"href":"http:\/\/tekmer.bilgi.org.tr\/en\/wp-json\/wp\/v2\/types\/page"}],"author":[{"embeddable":true,"href":"http:\/\/tekmer.bilgi.org.tr\/en\/wp-json\/wp\/v2\/users\/1"}],"replies":[{"embeddable":true,"href":"http:\/\/tekmer.bilgi.org.tr\/en\/wp-json\/wp\/v2\/comments?post=137"}],"version-history":[{"count":91,"href":"http:\/\/tekmer.bilgi.org.tr\/en\/wp-json\/wp\/v2\/pages\/137\/revisions"}],"predecessor-version":[{"id":799,"href":"http:\/\/tekmer.bilgi.org.tr\/en\/wp-json\/wp\/v2\/pages\/137\/revisions\/799"}],"wp:attachment":[{"href":"http:\/\/tekmer.bilgi.org.tr\/en\/wp-json\/wp\/v2\/media?parent=137"}],"curies":[{"name":"wp","href":"https:\/\/api.w.org\/{rel}","templated":true}]}}